{"id":65,"date":"2020-07-16T10:34:37","date_gmt":"2020-07-16T08:34:37","guid":{"rendered":"https:\/\/bubblemeeting.net\/blog\/?page_id=65"},"modified":"2020-07-29T14:32:32","modified_gmt":"2020-07-29T12:32:32","slug":"a-propos-blog-pilotage-de-reunion","status":"publish","type":"page","link":"https:\/\/bubblemeeting.net\/blog\/a-propos-blog-pilotage-de-reunion\/","title":{"rendered":"\u00c0 propos"},"content":{"rendered":"<p style=\"text-align: left;\">Bienvenue sur le\u00a0<strong>blog de la gestion de r\u00e9union et du management <\/strong>!<\/p>\r\n<p style=\"text-align: left;\">Un blog produit pour l&rsquo;outil de pilotage de r\u00e9unions Bubble Meeting, <strong>cr\u00e9\u00e9 par la startup Bubble Plan<\/strong>, sp\u00e9cialis\u00e9e dans les outils collaboratifs d\u2019organisation et d\u2019optimisation manag\u00e9riale.<\/p>\r\n<p style=\"text-align: left;\">Membre de la FrenchTech, r\u00e9f\u00e9renc\u00e9e \u00e0 l\u2019UGAP et partenaire du Lab RH, cette startup parisienne d\u00e9veloppe des logiciels SaaS, dont:\r\n-&gt; <span style=\"color: #f29c1f;\"><a style=\"color: #f29c1f;\" href=\"https:\/\/bubbleplan.net\/\" target=\"_blank\" rel=\"noopener noreferrer\">Plan<\/a><\/span> : un outil de planification et gestion de projet en ligne simple et visuel,\r\n-&gt;\u00a0<span style=\"color: #f29c1f;\"><a style=\"color: #f29c1f;\" href=\"https:\/\/bubblemeeting.net\/\" target=\"_blank\" rel=\"noopener noreferrer\">Meeting<\/a><\/span>: une solution de pilotage de r\u00e9unions engageante et dynamique.<\/p>\r\n<p style=\"text-align: left;\">Elle se fait un point d\u2019honneur \u00e0 accompagner l\u2019organisation et la productivit\u00e9 de tous les professionnels; qu\u2019il s\u2019agisse d\u2019utilisateurs de ses outils ou non. D\u2019o\u00f9 la naissance de ce blog qui a pour ambition de livrer <strong>un avis personnel de la marque<\/strong> sur la gestion de r\u00e9union et les pratiques manag\u00e9riales<\/p>\r\n<p style=\"text-align: left;\">Retrouvez au fil de ce blog professionnel :\r\n<strong>1\/ Conseils, bonnes pratiques, astuces pour une gestion de r\u00e9union efficace et productive,\r\n<\/strong><strong>2<\/strong><strong>\/ Guide pratiques sur les fonctionnalit\u00e9s pour ma\u00eetriser et utiliser le logiciel de pilotage de r\u00e9union,\r\n<\/strong><strong>3\/ Actualit\u00e9s du produit Bubble Meeting, avec l&rsquo;annonce de nouveaut\u00e9s et d&rsquo;udapte.\r\n\r\n<\/strong>Vous retrouverez des ressources orient\u00e9es management\/r\u00e9union, pour vous guider et am\u00e9liorer la productivit\u00e9 de votre entreprise.<\/p>\r\n\r\n<h4>POUR LES FANS DE BUBBLE PLAN<\/h4>\r\n<p style=\"text-align: left;\">Souhaitant \u00e9galement \u00eatre un relais entre nos propres outils collaboratifs SaaS et l\u2019am\u00e9lioration des process de nos utilisateurs directs, le blog n\u2019oublie pas les utilisateurs de Bubble Meeting. Un espace \u00ab\u00a0Bubble Meeting\u00a0\u00bb est mis en place dans lequel ils peuvent retrouver :\r\n-&gt; des articles focus sur les fonctionnalit\u00e9s de l&rsquo;outil, pour faciliter sa prise en main,\r\n-&gt; des actualit\u00e9s sur les nouvelles mises \u00e0 jour et fonctionnalit\u00e9s disponibles<\/p>\r\n<p style=\"text-align: left;\"><strong>Au programme: l\u2019explication de nombreuses fonctionnalit\u00e9s, des astuces, des conseils\u2026 et encore bien plus.<\/strong><\/p>","protected":false},"excerpt":{"rendered":"<p>Bienvenue sur le\u00a0blog de la gestion de r\u00e9union et du management ! Un blog produit pour l&rsquo;outil de pilotage de r\u00e9unions Bubble Meeting, cr\u00e9\u00e9 par la startup Bubble Plan, sp\u00e9cialis\u00e9e dans les outils collaboratifs d\u2019organisation et d\u2019optimisation manag\u00e9riale. Membre de la FrenchTech, r\u00e9f\u00e9renc\u00e9e \u00e0 l\u2019UGAP et partenaire du Lab RH, cette startup parisienne d\u00e9veloppe des [&hellip;]<\/p>\n","protected":false},"author":2,"featured_media":0,"parent":0,"menu_order":0,"comment_status":"closed","ping_status":"closed","template":"","meta":{"footnotes":""},"yoast_head":"<!-- This site is optimized with the Yoast SEO plugin v21.7 - https:\/\/yoast.com\/wordpress\/plugins\/seo\/ -->\n<title>Bubble Meeting : le blog du pilotage de r\u00e9union - \u00c0 propos<\/title>\n<meta name=\"description\" content=\"Bienvenue sur le\u00a0blog de la gestion de r\u00e9union et du management ! Retrouvez-y des ressources sur le produit Bubble Meeting, le management et les r\u00e9unions.\" \/>\n<meta name=\"robots\" content=\"index, follow, max-snippet:-1, max-image-preview:large, max-video-preview:-1\" \/>\n<link rel=\"canonical\" href=\"https:\/\/bubblemeeting.net\/blog\/a-propos-blog-pilotage-de-reunion\/\" \/>\n<meta property=\"og:locale\" content=\"fr_FR\" \/>\n<meta property=\"og:type\" content=\"article\" \/>\n<meta property=\"og:title\" content=\"Bubble Meeting : le blog du pilotage de r\u00e9union - \u00c0 propos\" \/>\n<meta property=\"og:description\" content=\"Bienvenue sur le\u00a0blog de la gestion de r\u00e9union et du management ! Retrouvez-y des ressources sur le produit Bubble Meeting, le management et les r\u00e9unions.\" \/>\n<meta property=\"og:url\" content=\"https:\/\/bubblemeeting.net\/blog\/a-propos-blog-pilotage-de-reunion\/\" \/>\n<meta property=\"og:site_name\" content=\"Bubble Meeting : le blog du pilotage de r\u00e9union\" \/>\n<meta property=\"article:modified_time\" content=\"2020-07-29T12:32:32+00:00\" \/>\n<meta name=\"twitter:card\" content=\"summary_large_image\" \/>\n<meta name=\"twitter:label1\" content=\"Dur\u00e9e de lecture estim\u00e9e\" \/>\n\t<meta name=\"twitter:data1\" content=\"2 minutes\" \/>\n<script type=\"application\/ld+json\" class=\"yoast-schema-graph\">{\"@context\":\"https:\/\/schema.org\",\"@graph\":[{\"@type\":\"WebPage\",\"@id\":\"https:\/\/bubblemeeting.net\/blog\/a-propos-blog-pilotage-de-reunion\/\",\"url\":\"https:\/\/bubblemeeting.net\/blog\/a-propos-blog-pilotage-de-reunion\/\",\"name\":\"Bubble Meeting : le blog du pilotage de r\u00e9union - \u00c0 propos\",\"isPartOf\":{\"@id\":\"https:\/\/bubblemeeting.net\/blog\/#website\"},\"datePublished\":\"2020-07-16T08:34:37+00:00\",\"dateModified\":\"2020-07-29T12:32:32+00:00\",\"description\":\"Bienvenue sur le\u00a0blog de la gestion de r\u00e9union et du management ! Retrouvez-y des ressources sur le produit Bubble Meeting, le management et les r\u00e9unions.\",\"breadcrumb\":{\"@id\":\"https:\/\/bubblemeeting.net\/blog\/a-propos-blog-pilotage-de-reunion\/#breadcrumb\"},\"inLanguage\":\"fr-FR\",\"potentialAction\":[{\"@type\":\"ReadAction\",\"target\":[\"https:\/\/bubblemeeting.net\/blog\/a-propos-blog-pilotage-de-reunion\/\"]}]},{\"@type\":\"BreadcrumbList\",\"@id\":\"https:\/\/bubblemeeting.net\/blog\/a-propos-blog-pilotage-de-reunion\/#breadcrumb\",\"itemListElement\":[{\"@type\":\"ListItem\",\"position\":1,\"name\":\"Accueil\",\"item\":\"https:\/\/bubblemeeting.net\/blog\/\"},{\"@type\":\"ListItem\",\"position\":2,\"name\":\"\u00c0 propos\"}]},{\"@type\":\"WebSite\",\"@id\":\"https:\/\/bubblemeeting.net\/blog\/#website\",\"url\":\"https:\/\/bubblemeeting.net\/blog\/\",\"name\":\"Bubble Meeting : le blog du pilotage de r\u00e9union\",\"description\":\"Pour des r\u00e9unions efficaces et des compte-rendus utiles\",\"potentialAction\":[{\"@type\":\"SearchAction\",\"target\":{\"@type\":\"EntryPoint\",\"urlTemplate\":\"https:\/\/bubblemeeting.net\/blog\/?s={search_term_string}\"},\"query-input\":\"required name=search_term_string\"}],\"inLanguage\":\"fr-FR\"}]}<\/script>\n<!-- \/ Yoast SEO plugin. -->","yoast_head_json":{"title":"Bubble Meeting : le blog du pilotage de r\u00e9union - \u00c0 propos","description":"Bienvenue sur le\u00a0blog de la gestion de r\u00e9union et du management ! Retrouvez-y des ressources sur le produit Bubble Meeting, le management et les r\u00e9unions.","robots":{"index":"index","follow":"follow","max-snippet":"max-snippet:-1","max-image-preview":"max-image-preview:large","max-video-preview":"max-video-preview:-1"},"canonical":"https:\/\/bubblemeeting.net\/blog\/a-propos-blog-pilotage-de-reunion\/","og_locale":"fr_FR","og_type":"article","og_title":"Bubble Meeting : le blog du pilotage de r\u00e9union - \u00c0 propos","og_description":"Bienvenue sur le\u00a0blog de la gestion de r\u00e9union et du management ! Retrouvez-y des ressources sur le produit Bubble Meeting, le management et les r\u00e9unions.","og_url":"https:\/\/bubblemeeting.net\/blog\/a-propos-blog-pilotage-de-reunion\/","og_site_name":"Bubble Meeting : le blog du pilotage de r\u00e9union","article_modified_time":"2020-07-29T12:32:32+00:00","twitter_card":"summary_large_image","twitter_misc":{"Dur\u00e9e de lecture estim\u00e9e":"2 minutes"},"schema":{"@context":"https:\/\/schema.org","@graph":[{"@type":"WebPage","@id":"https:\/\/bubblemeeting.net\/blog\/a-propos-blog-pilotage-de-reunion\/","url":"https:\/\/bubblemeeting.net\/blog\/a-propos-blog-pilotage-de-reunion\/","name":"Bubble Meeting : le blog du pilotage de r\u00e9union - \u00c0 propos","isPartOf":{"@id":"https:\/\/bubblemeeting.net\/blog\/#website"},"datePublished":"2020-07-16T08:34:37+00:00","dateModified":"2020-07-29T12:32:32+00:00","description":"Bienvenue sur le\u00a0blog de la gestion de r\u00e9union et du management ! Retrouvez-y des ressources sur le produit Bubble Meeting, le management et les r\u00e9unions.","breadcrumb":{"@id":"https:\/\/bubblemeeting.net\/blog\/a-propos-blog-pilotage-de-reunion\/#breadcrumb"},"inLanguage":"fr-FR","potentialAction":[{"@type":"ReadAction","target":["https:\/\/bubblemeeting.net\/blog\/a-propos-blog-pilotage-de-reunion\/"]}]},{"@type":"BreadcrumbList","@id":"https:\/\/bubblemeeting.net\/blog\/a-propos-blog-pilotage-de-reunion\/#breadcrumb","itemListElement":[{"@type":"ListItem","position":1,"name":"Accueil","item":"https:\/\/bubblemeeting.net\/blog\/"},{"@type":"ListItem","position":2,"name":"\u00c0 propos"}]},{"@type":"WebSite","@id":"https:\/\/bubblemeeting.net\/blog\/#website","url":"https:\/\/bubblemeeting.net\/blog\/","name":"Bubble Meeting : le blog du pilotage de r\u00e9union","description":"Pour des r\u00e9unions efficaces et des compte-rendus utiles","potentialAction":[{"@type":"SearchAction","target":{"@type":"EntryPoint","urlTemplate":"https:\/\/bubblemeeting.net\/blog\/?s={search_term_string}"},"query-input":"required name=search_term_string"}],"inLanguage":"fr-FR"}]}},"_links":{"self":[{"href":"https:\/\/bubblemeeting.net\/blog\/wp-json\/wp\/v2\/pages\/65"}],"collection":[{"href":"https:\/\/bubblemeeting.net\/blog\/wp-json\/wp\/v2\/pages"}],"about":[{"href":"https:\/\/bubblemeeting.net\/blog\/wp-json\/wp\/v2\/types\/page"}],"author":[{"embeddable":true,"href":"https:\/\/bubblemeeting.net\/blog\/wp-json\/wp\/v2\/users\/2"}],"replies":[{"embeddable":true,"href":"https:\/\/bubblemeeting.net\/blog\/wp-json\/wp\/v2\/comments?post=65"}],"version-history":[{"count":3,"href":"https:\/\/bubblemeeting.net\/blog\/wp-json\/wp\/v2\/pages\/65\/revisions"}],"predecessor-version":[{"id":325,"href":"https:\/\/bubblemeeting.net\/blog\/wp-json\/wp\/v2\/pages\/65\/revisions\/325"}],"wp:attachment":[{"href":"https:\/\/bubblemeeting.net\/blog\/wp-json\/wp\/v2\/media?parent=65"}],"curies":[{"name":"wp","href":"https:\/\/api.w.org\/{rel}","templated":true}]}}